{"id":5115,"date":"2026-04-19T09:42:37","date_gmt":"2026-04-19T07:42:37","guid":{"rendered":"https:\/\/viktoriaszabo.art\/?post_type=product&#038;p=5115"},"modified":"2026-04-19T09:42:38","modified_gmt":"2026-04-19T07:42:38","slug":"concha-de-santiago-pieza-unica-en-caja-de-regalo","status":"publish","type":"product","link":"https:\/\/viktoriaszabo.art\/en\/product\/concha-de-santiago-unique-piece-in-gift-box\/","title":{"rendered":"Concha de Santiago - unique piece in gift box"},"content":{"rendered":"<p data-start=\"144\" data-end=\"318\">Decorative ceramic shell, hand-modelled and fired using the raku technique, where fire and smoke create unique reflections, nuances and crackles. Each piece is unique.<\/p>\n<p data-start=\"320\" data-end=\"456\">Inspired by the pilgrim's shell, symbol of the Camino de Santiago, it represents the journey, the transformation and the return to the essential.<\/p>\n<p data-start=\"458\" data-end=\"565\">Presented in a gift box, accompanied by the phrase:<br data-start=\"515\" data-end=\"518\" \/><em data-start=\"518\" data-end=\"565\">\u201cA little piece of Finisterre for you\u201d.\u201d<\/em><\/p>\n<p data-start=\"567\" data-end=\"594\">Handmade in Finisterre.<\/p>","protected":false},"excerpt":{"rendered":"<p>Concha decorativa de cer\u00e1mica, modelada a mano y cocida con la t\u00e9cnica raku, donde el fuego y el humo crean reflejos, matices y craquelados irrepetibles. Cada pieza es \u00fanica. Inspirada en la concha del peregrino, s\u00edmbolo del Camino de Santiago, representa el viaje, la transformaci\u00f3n y el regreso a lo esencial. Presentada en una caja [&hellip;]<\/p>\n","protected":false},"featured_media":5118,"template":"","meta":{"_seopress_robots_primary_cat":"","_seopress_titles_title":"","_seopress_titles_desc":"","_seopress_robots_index":"","site-sidebar-layout":"default","site-content-layout":"","ast-site-content-layout":"default","site-content-style":"default","site-sidebar-style":"default","ast-global-header-display":"","ast-banner-title-visibility":"","ast-main-header-display":"","ast-hfb-above-header-display":"","ast-hfb-below-header-display":"","ast-hfb-mobile-header-display":"","site-post-title":"","ast-breadcrumbs-content":"","ast-featured-img":"","footer-sml-layout":"","ast-disable-related-posts":"","theme-transparent-header-meta":"default","adv-header-id-meta":"","stick-header-meta":"","header-above-stick-meta":"","header-main-stick-meta":"","header-below-stick-meta":"","astra-migrate-meta-layouts":"set","ast-page-background-enabled":"default","ast-page-background-meta":{"desktop":{"background-color":"","background-image":"","background-repeat":"repeat","background-position":"center center","background-size":"auto","background-attachment":"scroll","background-type":"","background-media":"","overlay-type":"","overlay-color":"","overlay-opacity":"","overlay-gradient":""},"tablet":{"background-color":"","background-image":"","background-repeat":"repeat","background-position":"center center","background-size":"auto","background-attachment":"scroll","background-type":"","background-media":"","overlay-type":"","overlay-color":"","overlay-opacity":"","overlay-gradient":""},"mobile":{"background-color":"","background-image":"","background-repeat":"repeat","background-position":"center center","background-size":"auto","background-attachment":"scroll","background-type":"","background-media":"","overlay-type":"","overlay-color":"","overlay-opacity":"","overlay-gradient":""}},"ast-content-background-meta":{"desktop":{"background-color":"var(--ast-global-color-5)","background-image":"","background-repeat":"repeat","background-position":"center center","background-size":"auto","background-attachment":"scroll","background-type":"","background-media":"","overlay-type":"","overlay-color":"","overlay-opacity":"","overlay-gradient":""},"tablet":{"background-color":"var(--ast-global-color-5)","background-image":"","background-repeat":"repeat","background-position":"center center","background-size":"auto","background-attachment":"scroll","background-type":"","background-media":"","overlay-type":"","overlay-color":"","overlay-opacity":"","overlay-gradient":""},"mobile":{"background-color":"var(--ast-global-color-5)","background-image":"","background-repeat":"repeat","background-position":"center center","background-size":"auto","background-attachment":"scroll","background-type":"","background-media":"","overlay-type":"","overlay-color":"","overlay-opacity":"","overlay-gradient":""}}},"product_brand":[],"product_cat":[37],"product_tag":[],"class_list":{"0":"post-5115","1":"product","2":"type-product","3":"status-publish","4":"has-post-thumbnail","6":"product_cat-ceramicas","7":"desktop-align-left","8":"tablet-align-left","9":"mobile-align-left","10":"ast-product-gallery-layout-horizontal-slider","11":"ast-product-tabs-layout-horizontal","13":"first","14":"instock","15":"taxable","16":"shipping-taxable","17":"purchasable","18":"product-type-simple"},"_links":{"self":[{"href":"https:\/\/viktoriaszabo.art\/en\/wp-json\/wp\/v2\/product\/5115","targetHints":{"allow":["GET"]}}],"collection":[{"href":"https:\/\/viktoriaszabo.art\/en\/wp-json\/wp\/v2\/product"}],"about":[{"href":"https:\/\/viktoriaszabo.art\/en\/wp-json\/wp\/v2\/types\/product"}],"version-history":[{"count":1,"href":"https:\/\/viktoriaszabo.art\/en\/wp-json\/wp\/v2\/product\/5115\/revisions"}],"predecessor-version":[{"id":5121,"href":"https:\/\/viktoriaszabo.art\/en\/wp-json\/wp\/v2\/product\/5115\/revisions\/5121"}],"wp:featuredmedia":[{"embeddable":true,"href":"https:\/\/viktoriaszabo.art\/en\/wp-json\/wp\/v2\/media\/5118"}],"wp:attachment":[{"href":"https:\/\/viktoriaszabo.art\/en\/wp-json\/wp\/v2\/media?parent=5115"}],"wp:term":[{"taxonomy":"product_brand","embeddable":true,"href":"https:\/\/viktoriaszabo.art\/en\/wp-json\/wp\/v2\/product_brand?post=5115"},{"taxonomy":"product_cat","embeddable":true,"href":"https:\/\/viktoriaszabo.art\/en\/wp-json\/wp\/v2\/product_cat?post=5115"},{"taxonomy":"product_tag","embeddable":true,"href":"https:\/\/viktoriaszabo.art\/en\/wp-json\/wp\/v2\/product_tag?post=5115"}],"curies":[{"name":"wp","href":"https:\/\/api.w.org\/{rel}","templated":true}]}}