{"id":5071,"date":"2026-03-29T16:50:47","date_gmt":"2026-03-29T14:50:47","guid":{"rendered":"https:\/\/viktoriaszabo.art\/?post_type=product&#038;p=5071"},"modified":"2026-03-29T16:50:48","modified_gmt":"2026-03-29T14:50:48","slug":"conchas-raku-con-cristal-de-mar-piezas-unicas","status":"publish","type":"product","link":"https:\/\/viktoriaszabo.art\/en\/product\/raku-shells-with-sea-glass-unique-pieces-2\/","title":{"rendered":"Sea glass raku shells - unique items"},"content":{"rendered":"<p data-start=\"229\" data-end=\"337\">Small decorative shells hand modelled in clay and fired with the raku technique. Each piece is unique.<\/p>\n<p data-start=\"339\" data-end=\"547\">They incorporate crystals collected on the beach of Ribeira, next to the Castle of San Carlos (Finisterre), which during firing are melted and integrated into the piece, creating unrepeatable reflections and transparencies.<\/p>\n<p data-start=\"549\" data-end=\"638\">Each shell contains a fragment of the sea: light, matter and memory of the place.<\/p>\n<p data-start=\"640\" data-end=\"740\">Small pieces where fire transforms clay and glass, preserving the essence of the ocean.<\/p>","protected":false},"excerpt":{"rendered":"<p>Peque\u00f1as conchas decorativas modeladas a mano en arcilla y cocidas con la t\u00e9cnica raku. Cada pieza es \u00fanica. Incorporan cristales recogidos en la playa de Ribeira, junto al Castillo de San Carlos (Finisterre), que durante la cocci\u00f3n se funden y se integran en la pieza, creando reflejos y transparencias irrepetibles. Cada concha guarda en su [&hellip;]<\/p>\n","protected":false},"featured_media":5076,"template":"","meta":{"_seopress_robots_primary_cat":"","_seopress_titles_title":"","_seopress_titles_desc":"","_seopress_robots_index":"","site-sidebar-layout":"default","site-content-layout":"","ast-site-content-layout":"default","site-content-style":"default","site-sidebar-style":"default","ast-global-header-display":"","ast-banner-title-visibility":"","ast-main-header-display":"","ast-hfb-above-header-display":"","ast-hfb-below-header-display":"","ast-hfb-mobile-header-display":"","site-post-title":"","ast-breadcrumbs-content":"","ast-featured-img":"","footer-sml-layout":"","ast-disable-related-posts":"","theme-transparent-header-meta":"default","adv-header-id-meta":"","stick-header-meta":"","header-above-stick-meta":"","header-main-stick-meta":"","header-below-stick-meta":"","astra-migrate-meta-layouts":"set","ast-page-background-enabled":"default","ast-page-background-meta":{"desktop":{"background-color":"","background-image":"","background-repeat":"repeat","background-position":"center center","background-size":"auto","background-attachment":"scroll","background-type":"","background-media":"","overlay-type":"","overlay-color":"","overlay-opacity":"","overlay-gradient":""},"tablet":{"background-color":"","background-image":"","background-repeat":"repeat","background-position":"center center","background-size":"auto","background-attachment":"scroll","background-type":"","background-media":"","overlay-type":"","overlay-color":"","overlay-opacity":"","overlay-gradient":""},"mobile":{"background-color":"","background-image":"","background-repeat":"repeat","background-position":"center center","background-size":"auto","background-attachment":"scroll","background-type":"","background-media":"","overlay-type":"","overlay-color":"","overlay-opacity":"","overlay-gradient":""}},"ast-content-background-meta":{"desktop":{"background-color":"var(--ast-global-color-5)","background-image":"","background-repeat":"repeat","background-position":"center center","background-size":"auto","background-attachment":"scroll","background-type":"","background-media":"","overlay-type":"","overlay-color":"","overlay-opacity":"","overlay-gradient":""},"tablet":{"background-color":"var(--ast-global-color-5)","background-image":"","background-repeat":"repeat","background-position":"center center","background-size":"auto","background-attachment":"scroll","background-type":"","background-media":"","overlay-type":"","overlay-color":"","overlay-opacity":"","overlay-gradient":""},"mobile":{"background-color":"var(--ast-global-color-5)","background-image":"","background-repeat":"repeat","background-position":"center center","background-size":"auto","background-attachment":"scroll","background-type":"","background-media":"","overlay-type":"","overlay-color":"","overlay-opacity":"","overlay-gradient":""}}},"product_brand":[],"product_cat":[37],"product_tag":[],"class_list":{"0":"post-5071","1":"product","2":"type-product","3":"status-publish","4":"has-post-thumbnail","6":"product_cat-ceramicas","7":"desktop-align-left","8":"tablet-align-left","9":"mobile-align-left","10":"ast-product-gallery-layout-horizontal-slider","11":"ast-product-tabs-layout-horizontal","13":"first","14":"instock","15":"taxable","16":"shipping-taxable","17":"purchasable","18":"product-type-simple"},"_links":{"self":[{"href":"https:\/\/viktoriaszabo.art\/en\/wp-json\/wp\/v2\/product\/5071","targetHints":{"allow":["GET"]}}],"collection":[{"href":"https:\/\/viktoriaszabo.art\/en\/wp-json\/wp\/v2\/product"}],"about":[{"href":"https:\/\/viktoriaszabo.art\/en\/wp-json\/wp\/v2\/types\/product"}],"version-history":[{"count":1,"href":"https:\/\/viktoriaszabo.art\/en\/wp-json\/wp\/v2\/product\/5071\/revisions"}],"predecessor-version":[{"id":5078,"href":"https:\/\/viktoriaszabo.art\/en\/wp-json\/wp\/v2\/product\/5071\/revisions\/5078"}],"wp:featuredmedia":[{"embeddable":true,"href":"https:\/\/viktoriaszabo.art\/en\/wp-json\/wp\/v2\/media\/5076"}],"wp:attachment":[{"href":"https:\/\/viktoriaszabo.art\/en\/wp-json\/wp\/v2\/media?parent=5071"}],"wp:term":[{"taxonomy":"product_brand","embeddable":true,"href":"https:\/\/viktoriaszabo.art\/en\/wp-json\/wp\/v2\/product_brand?post=5071"},{"taxonomy":"product_cat","embeddable":true,"href":"https:\/\/viktoriaszabo.art\/en\/wp-json\/wp\/v2\/product_cat?post=5071"},{"taxonomy":"product_tag","embeddable":true,"href":"https:\/\/viktoriaszabo.art\/en\/wp-json\/wp\/v2\/product_tag?post=5071"}],"curies":[{"name":"wp","href":"https:\/\/api.w.org\/{rel}","templated":true}]}}