{"id":5063,"date":"2026-03-29T16:12:57","date_gmt":"2026-03-29T14:12:57","guid":{"rendered":"https:\/\/viktoriaszabo.art\/?post_type=product&#038;p=5063"},"modified":"2026-03-29T16:16:12","modified_gmt":"2026-03-29T14:16:12","slug":"caja-raku-artesanal-pieza-unica","status":"publish","type":"product","link":"https:\/\/viktoriaszabo.art\/en\/product\/handmade-raku-box-unique-piece-2\/","title":{"rendered":"Handmade Raku box - unique piece"},"content":{"rendered":"<p data-start=\"263\" data-end=\"373\">Decorative raku ceramic box, an exclusive and unique piece, hand-modelled with white SiO-2 chamotte clay.<\/p>\n<p data-start=\"375\" data-end=\"697\">The exterior is decorated with organic and geometric reliefs, enamelled in green copper and touches of gold enamel. During the raku firing and reduction process, the enamels develop deep hues, crackles and iridescent effects that are impossible to repeat, adding character and visual richness to the surface.<\/p>\n<p data-start=\"699\" data-end=\"908\">The interior is enamelled in a deep purple tone, creating a striking and welcoming contrast to the exterior. The lid fits organically, reinforcing the feeling of an antique chest or treasure box.<\/p>\n<p data-start=\"910\" data-end=\"1062\">Designed as a decorative piece or to store small special objects, this box combines function, symbolism and the expressiveness of the raku technique.<\/p>\n<p data-start=\"1064\" data-end=\"1137\">\ud83d\udd25 Technique: traditional raku<br data-start=\"1092\" data-end=\"1095\" \/>\ud83d\udccd Hand-made in Galicia<br data-start=\"1121\" data-end=\"1124\" \/>\u2728 Unique piece<\/p>","protected":false},"excerpt":{"rendered":"<p>Caja decorativa de cer\u00e1mica raku, pieza exclusiva y \u00fanica, modelada a mano con arcilla blanca chamotada SiO-2. El exterior est\u00e1 decorado con relieves org\u00e1nicos y geom\u00e9tricos, esmaltado en cobre verde y toques de esmalte dorado. Durante la cocci\u00f3n raku y el proceso de reducci\u00f3n, los esmaltes desarrollan matices profundos, craquelados y efectos iridiscentes imposibles de [&hellip;]<\/p>\n","protected":false},"featured_media":5067,"template":"","meta":{"_seopress_robots_primary_cat":"none","_seopress_titles_title":"","_seopress_titles_desc":"","_seopress_robots_index":"","site-sidebar-layout":"default","site-content-layout":"","ast-site-content-layout":"default","site-content-style":"default","site-sidebar-style":"default","ast-global-header-display":"","ast-banner-title-visibility":"","ast-main-header-display":"","ast-hfb-above-header-display":"","ast-hfb-below-header-display":"","ast-hfb-mobile-header-display":"","site-post-title":"","ast-breadcrumbs-content":"","ast-featured-img":"","footer-sml-layout":"","ast-disable-related-posts":"","theme-transparent-header-meta":"default","adv-header-id-meta":"","stick-header-meta":"","header-above-stick-meta":"","header-main-stick-meta":"","header-below-stick-meta":"","astra-migrate-meta-layouts":"set","ast-page-background-enabled":"default","ast-page-background-meta":{"desktop":{"background-color":"","background-image":"","background-repeat":"repeat","background-position":"center center","background-size":"auto","background-attachment":"scroll","background-type":"","background-media":"","overlay-type":"","overlay-color":"","overlay-opacity":"","overlay-gradient":""},"tablet":{"background-color":"","background-image":"","background-repeat":"repeat","background-position":"center center","background-size":"auto","background-attachment":"scroll","background-type":"","background-media":"","overlay-type":"","overlay-color":"","overlay-opacity":"","overlay-gradient":""},"mobile":{"background-color":"","background-image":"","background-repeat":"repeat","background-position":"center center","background-size":"auto","background-attachment":"scroll","background-type":"","background-media":"","overlay-type":"","overlay-color":"","overlay-opacity":"","overlay-gradient":""}},"ast-content-background-meta":{"desktop":{"background-color":"var(--ast-global-color-5)","background-image":"","background-repeat":"repeat","background-position":"center center","background-size":"auto","background-attachment":"scroll","background-type":"","background-media":"","overlay-type":"","overlay-color":"","overlay-opacity":"","overlay-gradient":""},"tablet":{"background-color":"var(--ast-global-color-5)","background-image":"","background-repeat":"repeat","background-position":"center center","background-size":"auto","background-attachment":"scroll","background-type":"","background-media":"","overlay-type":"","overlay-color":"","overlay-opacity":"","overlay-gradient":""},"mobile":{"background-color":"var(--ast-global-color-5)","background-image":"","background-repeat":"repeat","background-position":"center center","background-size":"auto","background-attachment":"scroll","background-type":"","background-media":"","overlay-type":"","overlay-color":"","overlay-opacity":"","overlay-gradient":""}}},"product_brand":[],"product_cat":[37],"product_tag":[],"class_list":{"0":"post-5063","1":"product","2":"type-product","3":"status-publish","4":"has-post-thumbnail","6":"product_cat-ceramicas","7":"desktop-align-left","8":"tablet-align-left","9":"mobile-align-left","10":"ast-product-gallery-layout-horizontal-slider","11":"ast-product-tabs-layout-horizontal","13":"first","14":"instock","15":"sold-individually","16":"taxable","17":"shipping-taxable","18":"purchasable","19":"product-type-simple"},"_links":{"self":[{"href":"https:\/\/viktoriaszabo.art\/en\/wp-json\/wp\/v2\/product\/5063","targetHints":{"allow":["GET"]}}],"collection":[{"href":"https:\/\/viktoriaszabo.art\/en\/wp-json\/wp\/v2\/product"}],"about":[{"href":"https:\/\/viktoriaszabo.art\/en\/wp-json\/wp\/v2\/types\/product"}],"version-history":[{"count":3,"href":"https:\/\/viktoriaszabo.art\/en\/wp-json\/wp\/v2\/product\/5063\/revisions"}],"predecessor-version":[{"id":5072,"href":"https:\/\/viktoriaszabo.art\/en\/wp-json\/wp\/v2\/product\/5063\/revisions\/5072"}],"wp:featuredmedia":[{"embeddable":true,"href":"https:\/\/viktoriaszabo.art\/en\/wp-json\/wp\/v2\/media\/5067"}],"wp:attachment":[{"href":"https:\/\/viktoriaszabo.art\/en\/wp-json\/wp\/v2\/media?parent=5063"}],"wp:term":[{"taxonomy":"product_brand","embeddable":true,"href":"https:\/\/viktoriaszabo.art\/en\/wp-json\/wp\/v2\/product_brand?post=5063"},{"taxonomy":"product_cat","embeddable":true,"href":"https:\/\/viktoriaszabo.art\/en\/wp-json\/wp\/v2\/product_cat?post=5063"},{"taxonomy":"product_tag","embeddable":true,"href":"https:\/\/viktoriaszabo.art\/en\/wp-json\/wp\/v2\/product_tag?post=5063"}],"curies":[{"name":"wp","href":"https:\/\/api.w.org\/{rel}","templated":true}]}}