{"id":5056,"date":"2026-03-29T15:31:26","date_gmt":"2026-03-29T13:31:26","guid":{"rendered":"https:\/\/viktoriaszabo.art\/?post_type=product&#038;p=5056"},"modified":"2026-03-29T15:33:49","modified_gmt":"2026-03-29T13:33:49","slug":"cajita-raku-pastel-pieza-unica","status":"publish","type":"product","link":"https:\/\/viktoriaszabo.art\/en\/product\/raku-pastel-box-unique-piece-2\/","title":{"rendered":"Raku cake box - unique piece"},"content":{"rendered":"<p data-start=\"146\" data-end=\"396\">Small decorative raku ceramic box, hand-modelled in white SiO-2 chamotte clay. Its soft tones - salmon pink, turquoise, light green and lilac - are combined with organic reliefs and a natural crackle that adds depth and character.<\/p>\n<p data-start=\"398\" data-end=\"658\">The lilac enamelled interior creates a warm and welcoming contrast, while the lid, with spiral and leaf details, adds a sculptural and delicate gesture. A unique piece, ideal for storing small treasures or as a decorative object full of sensitivity.<\/p>\n<p data-start=\"660\" data-end=\"715\">\ud83d\udd25 Raku Technique - Handmade in Galicia - Unique piece<\/p>","protected":false},"excerpt":{"rendered":"<p>Peque\u00f1a caja decorativa de cer\u00e1mica raku, modelada a mano con arcilla blanca chamotada SiO-2. Sus tonos suaves \u2014 rosa salm\u00f3n, turquesa, verde claro y lila \u2014 se combinan con relieves org\u00e1nicos y un craquelado natural que aporta profundidad y car\u00e1cter. El interior esmaltado en lila crea un contraste c\u00e1lido y acogedor, mientras que la tapa, [&hellip;]<\/p>\n","protected":false},"featured_media":5061,"template":"","meta":{"_seopress_robots_primary_cat":"none","_seopress_titles_title":"","_seopress_titles_desc":"","_seopress_robots_index":"","site-sidebar-layout":"default","site-content-layout":"","ast-site-content-layout":"default","site-content-style":"default","site-sidebar-style":"default","ast-global-header-display":"","ast-banner-title-visibility":"","ast-main-header-display":"","ast-hfb-above-header-display":"","ast-hfb-below-header-display":"","ast-hfb-mobile-header-display":"","site-post-title":"","ast-breadcrumbs-content":"","ast-featured-img":"","footer-sml-layout":"","ast-disable-related-posts":"","theme-transparent-header-meta":"default","adv-header-id-meta":"","stick-header-meta":"","header-above-stick-meta":"","header-main-stick-meta":"","header-below-stick-meta":"","astra-migrate-meta-layouts":"set","ast-page-background-enabled":"default","ast-page-background-meta":{"desktop":{"background-color":"","background-image":"","background-repeat":"repeat","background-position":"center center","background-size":"auto","background-attachment":"scroll","background-type":"","background-media":"","overlay-type":"","overlay-color":"","overlay-opacity":"","overlay-gradient":""},"tablet":{"background-color":"","background-image":"","background-repeat":"repeat","background-position":"center center","background-size":"auto","background-attachment":"scroll","background-type":"","background-media":"","overlay-type":"","overlay-color":"","overlay-opacity":"","overlay-gradient":""},"mobile":{"background-color":"","background-image":"","background-repeat":"repeat","background-position":"center center","background-size":"auto","background-attachment":"scroll","background-type":"","background-media":"","overlay-type":"","overlay-color":"","overlay-opacity":"","overlay-gradient":""}},"ast-content-background-meta":{"desktop":{"background-color":"var(--ast-global-color-5)","background-image":"","background-repeat":"repeat","background-position":"center center","background-size":"auto","background-attachment":"scroll","background-type":"","background-media":"","overlay-type":"","overlay-color":"","overlay-opacity":"","overlay-gradient":""},"tablet":{"background-color":"var(--ast-global-color-5)","background-image":"","background-repeat":"repeat","background-position":"center center","background-size":"auto","background-attachment":"scroll","background-type":"","background-media":"","overlay-type":"","overlay-color":"","overlay-opacity":"","overlay-gradient":""},"mobile":{"background-color":"var(--ast-global-color-5)","background-image":"","background-repeat":"repeat","background-position":"center center","background-size":"auto","background-attachment":"scroll","background-type":"","background-media":"","overlay-type":"","overlay-color":"","overlay-opacity":"","overlay-gradient":""}}},"product_brand":[],"product_cat":[37],"product_tag":[],"class_list":{"0":"post-5056","1":"product","2":"type-product","3":"status-publish","4":"has-post-thumbnail","6":"product_cat-ceramicas","7":"desktop-align-left","8":"tablet-align-left","9":"mobile-align-left","10":"ast-product-gallery-layout-horizontal-slider","11":"ast-product-tabs-layout-horizontal","13":"first","14":"instock","15":"sold-individually","16":"taxable","17":"shipping-taxable","18":"purchasable","19":"product-type-simple"},"_links":{"self":[{"href":"https:\/\/viktoriaszabo.art\/en\/wp-json\/wp\/v2\/product\/5056","targetHints":{"allow":["GET"]}}],"collection":[{"href":"https:\/\/viktoriaszabo.art\/en\/wp-json\/wp\/v2\/product"}],"about":[{"href":"https:\/\/viktoriaszabo.art\/en\/wp-json\/wp\/v2\/types\/product"}],"version-history":[{"count":1,"href":"https:\/\/viktoriaszabo.art\/en\/wp-json\/wp\/v2\/product\/5056\/revisions"}],"predecessor-version":[{"id":5062,"href":"https:\/\/viktoriaszabo.art\/en\/wp-json\/wp\/v2\/product\/5056\/revisions\/5062"}],"wp:featuredmedia":[{"embeddable":true,"href":"https:\/\/viktoriaszabo.art\/en\/wp-json\/wp\/v2\/media\/5061"}],"wp:attachment":[{"href":"https:\/\/viktoriaszabo.art\/en\/wp-json\/wp\/v2\/media?parent=5056"}],"wp:term":[{"taxonomy":"product_brand","embeddable":true,"href":"https:\/\/viktoriaszabo.art\/en\/wp-json\/wp\/v2\/product_brand?post=5056"},{"taxonomy":"product_cat","embeddable":true,"href":"https:\/\/viktoriaszabo.art\/en\/wp-json\/wp\/v2\/product_cat?post=5056"},{"taxonomy":"product_tag","embeddable":true,"href":"https:\/\/viktoriaszabo.art\/en\/wp-json\/wp\/v2\/product_tag?post=5056"}],"curies":[{"name":"wp","href":"https:\/\/api.w.org\/{rel}","templated":true}]}}