{"id":5036,"date":"2026-03-29T12:14:00","date_gmt":"2026-03-29T10:14:00","guid":{"rendered":"https:\/\/viktoriaszabo.art\/?post_type=product&#038;p=5036"},"modified":"2026-03-29T12:14:01","modified_gmt":"2026-03-29T10:14:01","slug":"narcisos-portavelas-raku-luz-y-renacimiento","status":"publish","type":"product","link":"https:\/\/viktoriaszabo.art\/en\/product\/daffodils-raku-candle-holder-light-and-rebirth\/","title":{"rendered":"Narcissus raku candle holder - light and rebirth"},"content":{"rendered":"<p data-start=\"183\" data-end=\"283\">Candle holder in the shape of a daffodil, hand-modelled in ceramic and finished with brightly coloured glazes.<\/p>\n<p data-start=\"285\" data-end=\"455\">The daffodil is a flower associated with rebirth, returning light and the beginning of a new cycle. It also symbolises simple beauty and connection with nature.<\/p>\n<p data-start=\"457\" data-end=\"576\">Each piece is unique, with slight variations in shape and colour reflecting the craftsmanship and firing process.<\/p>\n<p data-start=\"578\" data-end=\"631\"><strong data-start=\"578\" data-end=\"601\">Approximate measurements<\/strong><br data-start=\"601\" data-end=\"604\" \/>Width: 10 cm<br data-start=\"616\" data-end=\"619\" \/>Height: 6 cm<\/p>\n<p data-start=\"633\" data-end=\"721\">A decorative piece designed to accompany the light and create a warm and natural atmosphere.<\/p>","protected":false},"excerpt":{"rendered":"<p>Portavelas en forma de narciso, modelados a mano en cer\u00e1mica y acabados con esmaltes en tonos vivos. El narciso es una flor asociada al renacimiento, a la luz que vuelve y al inicio de un nuevo ciclo. Simboliza tambi\u00e9n la belleza sencilla y la conexi\u00f3n con la naturaleza. Cada pieza es \u00fanica, con ligeras variaciones [&hellip;]<\/p>\n","protected":false},"featured_media":5041,"template":"","meta":{"_seopress_robots_primary_cat":"","_seopress_titles_title":"","_seopress_titles_desc":"","_seopress_robots_index":"","site-sidebar-layout":"default","site-content-layout":"","ast-site-content-layout":"default","site-content-style":"default","site-sidebar-style":"default","ast-global-header-display":"","ast-banner-title-visibility":"","ast-main-header-display":"","ast-hfb-above-header-display":"","ast-hfb-below-header-display":"","ast-hfb-mobile-header-display":"","site-post-title":"","ast-breadcrumbs-content":"","ast-featured-img":"","footer-sml-layout":"","ast-disable-related-posts":"","theme-transparent-header-meta":"default","adv-header-id-meta":"","stick-header-meta":"","header-above-stick-meta":"","header-main-stick-meta":"","header-below-stick-meta":"","astra-migrate-meta-layouts":"set","ast-page-background-enabled":"default","ast-page-background-meta":{"desktop":{"background-color":"","background-image":"","background-repeat":"repeat","background-position":"center center","background-size":"auto","background-attachment":"scroll","background-type":"","background-media":"","overlay-type":"","overlay-color":"","overlay-opacity":"","overlay-gradient":""},"tablet":{"background-color":"","background-image":"","background-repeat":"repeat","background-position":"center center","background-size":"auto","background-attachment":"scroll","background-type":"","background-media":"","overlay-type":"","overlay-color":"","overlay-opacity":"","overlay-gradient":""},"mobile":{"background-color":"","background-image":"","background-repeat":"repeat","background-position":"center center","background-size":"auto","background-attachment":"scroll","background-type":"","background-media":"","overlay-type":"","overlay-color":"","overlay-opacity":"","overlay-gradient":""}},"ast-content-background-meta":{"desktop":{"background-color":"var(--ast-global-color-5)","background-image":"","background-repeat":"repeat","background-position":"center center","background-size":"auto","background-attachment":"scroll","background-type":"","background-media":"","overlay-type":"","overlay-color":"","overlay-opacity":"","overlay-gradient":""},"tablet":{"background-color":"var(--ast-global-color-5)","background-image":"","background-repeat":"repeat","background-position":"center center","background-size":"auto","background-attachment":"scroll","background-type":"","background-media":"","overlay-type":"","overlay-color":"","overlay-opacity":"","overlay-gradient":""},"mobile":{"background-color":"var(--ast-global-color-5)","background-image":"","background-repeat":"repeat","background-position":"center center","background-size":"auto","background-attachment":"scroll","background-type":"","background-media":"","overlay-type":"","overlay-color":"","overlay-opacity":"","overlay-gradient":""}}},"product_brand":[],"product_cat":[37],"product_tag":[],"class_list":{"0":"post-5036","1":"product","2":"type-product","3":"status-publish","4":"has-post-thumbnail","6":"product_cat-ceramicas","7":"desktop-align-left","8":"tablet-align-left","9":"mobile-align-left","10":"ast-product-gallery-layout-horizontal-slider","11":"ast-product-tabs-layout-horizontal","13":"first","14":"instock","15":"taxable","16":"shipping-taxable","17":"purchasable","18":"product-type-simple"},"_links":{"self":[{"href":"https:\/\/viktoriaszabo.art\/en\/wp-json\/wp\/v2\/product\/5036","targetHints":{"allow":["GET"]}}],"collection":[{"href":"https:\/\/viktoriaszabo.art\/en\/wp-json\/wp\/v2\/product"}],"about":[{"href":"https:\/\/viktoriaszabo.art\/en\/wp-json\/wp\/v2\/types\/product"}],"version-history":[{"count":1,"href":"https:\/\/viktoriaszabo.art\/en\/wp-json\/wp\/v2\/product\/5036\/revisions"}],"predecessor-version":[{"id":5042,"href":"https:\/\/viktoriaszabo.art\/en\/wp-json\/wp\/v2\/product\/5036\/revisions\/5042"}],"wp:featuredmedia":[{"embeddable":true,"href":"https:\/\/viktoriaszabo.art\/en\/wp-json\/wp\/v2\/media\/5041"}],"wp:attachment":[{"href":"https:\/\/viktoriaszabo.art\/en\/wp-json\/wp\/v2\/media?parent=5036"}],"wp:term":[{"taxonomy":"product_brand","embeddable":true,"href":"https:\/\/viktoriaszabo.art\/en\/wp-json\/wp\/v2\/product_brand?post=5036"},{"taxonomy":"product_cat","embeddable":true,"href":"https:\/\/viktoriaszabo.art\/en\/wp-json\/wp\/v2\/product_cat?post=5036"},{"taxonomy":"product_tag","embeddable":true,"href":"https:\/\/viktoriaszabo.art\/en\/wp-json\/wp\/v2\/product_tag?post=5036"}],"curies":[{"name":"wp","href":"https:\/\/api.w.org\/{rel}","templated":true}]}}