{"id":4995,"date":"2026-01-07T22:34:58","date_gmt":"2026-01-07T21:34:58","guid":{"rendered":"https:\/\/viktoriaszabo.art\/?post_type=product&#038;p=4995"},"modified":"2026-01-07T23:09:01","modified_gmt":"2026-01-07T22:09:01","slug":"portavelas-raku-floral-colores-intensos-pieza-unica","status":"publish","type":"product","link":"https:\/\/viktoriaszabo.art\/en\/product\/floral-raku-candle-holder-intense-colours-single-piece\/","title":{"rendered":"Floral Raku candle holder - intense colours | single piece"},"content":{"rendered":"<p data-start=\"366\" data-end=\"481\">Handmade raku ceramic candleholder, an exclusive and unique piece, hand-modelled with white SiO-2 chamotte clay.<\/p>\n<p data-start=\"483\" data-end=\"888\">The shape evokes an open flower, with dynamic petals glazed in intense, vibrant colours. A wavy, unglazed line runs around the outline of the flower: during the reduction process, smoke penetrated this area, transforming the white of the clay into a deep black. This smoky line creates a natural frame that separates and enhances the glazes, bringing rhythm and contrast to the piece.<\/p>\n<p data-start=\"890\" data-end=\"1104\">The raku finish, with its characteristic crackle, adds unrepeatable nuances, making each candle holder completely unique. Designed to create warm and evocative atmospheres, both on and off.<\/p>","protected":false},"excerpt":{"rendered":"<p>Portavelas artesanal de cer\u00e1mica raku, pieza exclusiva y \u00fanica, modelada a mano con arcilla blanca chamotada SiO-2. La forma evoca una flor abierta, con p\u00e9talos din\u00e1micos esmaltados en colores intensos y vibrantes. Una l\u00ednea ondulada sin esmalte recorre el contorno de la flor: durante el proceso de reducci\u00f3n, el humo penetr\u00f3 en esta zona, transformando [&hellip;]<\/p>\n","protected":false},"featured_media":4975,"template":"","meta":{"_seopress_robots_primary_cat":"none","_seopress_titles_title":"","_seopress_titles_desc":"","_seopress_robots_index":"","site-sidebar-layout":"default","site-content-layout":"","ast-site-content-layout":"default","site-content-style":"default","site-sidebar-style":"default","ast-global-header-display":"","ast-banner-title-visibility":"","ast-main-header-display":"","ast-hfb-above-header-display":"","ast-hfb-below-header-display":"","ast-hfb-mobile-header-display":"","site-post-title":"","ast-breadcrumbs-content":"","ast-featured-img":"","footer-sml-layout":"","ast-disable-related-posts":"","theme-transparent-header-meta":"default","adv-header-id-meta":"","stick-header-meta":"","header-above-stick-meta":"","header-main-stick-meta":"","header-below-stick-meta":"","astra-migrate-meta-layouts":"set","ast-page-background-enabled":"default","ast-page-background-meta":{"desktop":{"background-color":"","background-image":"","background-repeat":"repeat","background-position":"center center","background-size":"auto","background-attachment":"scroll","background-type":"","background-media":"","overlay-type":"","overlay-color":"","overlay-opacity":"","overlay-gradient":""},"tablet":{"background-color":"","background-image":"","background-repeat":"repeat","background-position":"center center","background-size":"auto","background-attachment":"scroll","background-type":"","background-media":"","overlay-type":"","overlay-color":"","overlay-opacity":"","overlay-gradient":""},"mobile":{"background-color":"","background-image":"","background-repeat":"repeat","background-position":"center center","background-size":"auto","background-attachment":"scroll","background-type":"","background-media":"","overlay-type":"","overlay-color":"","overlay-opacity":"","overlay-gradient":""}},"ast-content-background-meta":{"desktop":{"background-color":"var(--ast-global-color-5)","background-image":"","background-repeat":"repeat","background-position":"center center","background-size":"auto","background-attachment":"scroll","background-type":"","background-media":"","overlay-type":"","overlay-color":"","overlay-opacity":"","overlay-gradient":""},"tablet":{"background-color":"var(--ast-global-color-5)","background-image":"","background-repeat":"repeat","background-position":"center center","background-size":"auto","background-attachment":"scroll","background-type":"","background-media":"","overlay-type":"","overlay-color":"","overlay-opacity":"","overlay-gradient":""},"mobile":{"background-color":"var(--ast-global-color-5)","background-image":"","background-repeat":"repeat","background-position":"center center","background-size":"auto","background-attachment":"scroll","background-type":"","background-media":"","overlay-type":"","overlay-color":"","overlay-opacity":"","overlay-gradient":""}}},"product_brand":[],"product_cat":[37],"product_tag":[],"class_list":{"0":"post-4995","1":"product","2":"type-product","3":"status-publish","4":"has-post-thumbnail","6":"product_cat-ceramicas","7":"desktop-align-left","8":"tablet-align-left","9":"mobile-align-left","10":"ast-product-gallery-layout-horizontal-slider","11":"ast-product-tabs-layout-horizontal","13":"first","14":"instock","15":"sold-individually","16":"taxable","17":"shipping-taxable","18":"purchasable","19":"product-type-simple"},"_links":{"self":[{"href":"https:\/\/viktoriaszabo.art\/en\/wp-json\/wp\/v2\/product\/4995","targetHints":{"allow":["GET"]}}],"collection":[{"href":"https:\/\/viktoriaszabo.art\/en\/wp-json\/wp\/v2\/product"}],"about":[{"href":"https:\/\/viktoriaszabo.art\/en\/wp-json\/wp\/v2\/types\/product"}],"version-history":[{"count":1,"href":"https:\/\/viktoriaszabo.art\/en\/wp-json\/wp\/v2\/product\/4995\/revisions"}],"predecessor-version":[{"id":4998,"href":"https:\/\/viktoriaszabo.art\/en\/wp-json\/wp\/v2\/product\/4995\/revisions\/4998"}],"wp:featuredmedia":[{"embeddable":true,"href":"https:\/\/viktoriaszabo.art\/en\/wp-json\/wp\/v2\/media\/4975"}],"wp:attachment":[{"href":"https:\/\/viktoriaszabo.art\/en\/wp-json\/wp\/v2\/media?parent=4995"}],"wp:term":[{"taxonomy":"product_brand","embeddable":true,"href":"https:\/\/viktoriaszabo.art\/en\/wp-json\/wp\/v2\/product_brand?post=4995"},{"taxonomy":"product_cat","embeddable":true,"href":"https:\/\/viktoriaszabo.art\/en\/wp-json\/wp\/v2\/product_cat?post=4995"},{"taxonomy":"product_tag","embeddable":true,"href":"https:\/\/viktoriaszabo.art\/en\/wp-json\/wp\/v2\/product_tag?post=4995"}],"curies":[{"name":"wp","href":"https:\/\/api.w.org\/{rel}","templated":true}]}}