{"id":4986,"date":"2026-01-07T21:37:37","date_gmt":"2026-01-07T20:37:37","guid":{"rendered":"https:\/\/viktoriaszabo.art\/?post_type=product&#038;p=4986"},"modified":"2026-01-07T21:37:38","modified_gmt":"2026-01-07T20:37:38","slug":"pez-andante-raku-criatura-de-tierra-y-agua","status":"publish","type":"product","link":"https:\/\/viktoriaszabo.art\/en\/product\/walking-fish-raku-land-and-water-creature\/","title":{"rendered":"Raku Walking Fish - Land and Water Creature"},"content":{"rendered":"<p data-start=\"1313\" data-end=\"1560\">Handmade raku ceramic sculpture, unique and unrepeatable piece.<\/p>\n<p data-start=\"1313\" data-end=\"1560\">This walking fish seems to have developed legs to travel new territories, becoming a hybrid creature between a marine animal and a terrestrial being.<\/p>\n<p data-start=\"1562\" data-end=\"1775\">Hand modelled in white SiO-2 chamotte clay and glazed with transparent glaze and bright colours. The raku finish provides crackles that are impossible to repeat.<\/p>\n<p data-start=\"1777\" data-end=\"1931\">A contemporary fantasy piece, which connects with the dreamlike, the playful and the primitive, perfect as a <strong>decorative sculpture<\/strong> with a strong personality.<\/p>","protected":false},"excerpt":{"rendered":"<p>Escultura de cer\u00e1mica raku hecha a mano, pieza \u00fanica e irrepetible. Este pez andante parece haber desarrollado patas para recorrer nuevos territorios, convirti\u00e9ndose en una criatura h\u00edbrida entre animal marino y ser terrestre. Modelado manualmente en arcilla blanca chamotada SiO-2 y esmaltado con esmalte transparente y colores vivos. El acabado raku aporta craquelados imposibles de [&hellip;]<\/p>\n","protected":false},"featured_media":4978,"template":"","meta":{"_seopress_robots_primary_cat":"","_seopress_titles_title":"","_seopress_titles_desc":"","_seopress_robots_index":"","site-sidebar-layout":"default","site-content-layout":"","ast-site-content-layout":"default","site-content-style":"default","site-sidebar-style":"default","ast-global-header-display":"","ast-banner-title-visibility":"","ast-main-header-display":"","ast-hfb-above-header-display":"","ast-hfb-below-header-display":"","ast-hfb-mobile-header-display":"","site-post-title":"","ast-breadcrumbs-content":"","ast-featured-img":"","footer-sml-layout":"","ast-disable-related-posts":"","theme-transparent-header-meta":"default","adv-header-id-meta":"","stick-header-meta":"","header-above-stick-meta":"","header-main-stick-meta":"","header-below-stick-meta":"","astra-migrate-meta-layouts":"set","ast-page-background-enabled":"default","ast-page-background-meta":{"desktop":{"background-color":"","background-image":"","background-repeat":"repeat","background-position":"center center","background-size":"auto","background-attachment":"scroll","background-type":"","background-media":"","overlay-type":"","overlay-color":"","overlay-opacity":"","overlay-gradient":""},"tablet":{"background-color":"","background-image":"","background-repeat":"repeat","background-position":"center center","background-size":"auto","background-attachment":"scroll","background-type":"","background-media":"","overlay-type":"","overlay-color":"","overlay-opacity":"","overlay-gradient":""},"mobile":{"background-color":"","background-image":"","background-repeat":"repeat","background-position":"center center","background-size":"auto","background-attachment":"scroll","background-type":"","background-media":"","overlay-type":"","overlay-color":"","overlay-opacity":"","overlay-gradient":""}},"ast-content-background-meta":{"desktop":{"background-color":"var(--ast-global-color-5)","background-image":"","background-repeat":"repeat","background-position":"center center","background-size":"auto","background-attachment":"scroll","background-type":"","background-media":"","overlay-type":"","overlay-color":"","overlay-opacity":"","overlay-gradient":""},"tablet":{"background-color":"var(--ast-global-color-5)","background-image":"","background-repeat":"repeat","background-position":"center center","background-size":"auto","background-attachment":"scroll","background-type":"","background-media":"","overlay-type":"","overlay-color":"","overlay-opacity":"","overlay-gradient":""},"mobile":{"background-color":"var(--ast-global-color-5)","background-image":"","background-repeat":"repeat","background-position":"center center","background-size":"auto","background-attachment":"scroll","background-type":"","background-media":"","overlay-type":"","overlay-color":"","overlay-opacity":"","overlay-gradient":""}}},"product_brand":[],"product_cat":[37],"product_tag":[],"class_list":{"0":"post-4986","1":"product","2":"type-product","3":"status-publish","4":"has-post-thumbnail","6":"product_cat-ceramicas","7":"desktop-align-left","8":"tablet-align-left","9":"mobile-align-left","10":"ast-product-gallery-layout-horizontal-slider","11":"ast-product-tabs-layout-horizontal","13":"first","14":"instock","15":"sold-individually","16":"taxable","17":"shipping-taxable","18":"purchasable","19":"product-type-simple"},"_links":{"self":[{"href":"https:\/\/viktoriaszabo.art\/en\/wp-json\/wp\/v2\/product\/4986","targetHints":{"allow":["GET"]}}],"collection":[{"href":"https:\/\/viktoriaszabo.art\/en\/wp-json\/wp\/v2\/product"}],"about":[{"href":"https:\/\/viktoriaszabo.art\/en\/wp-json\/wp\/v2\/types\/product"}],"version-history":[{"count":3,"href":"https:\/\/viktoriaszabo.art\/en\/wp-json\/wp\/v2\/product\/4986\/revisions"}],"predecessor-version":[{"id":5032,"href":"https:\/\/viktoriaszabo.art\/en\/wp-json\/wp\/v2\/product\/4986\/revisions\/5032"}],"wp:featuredmedia":[{"embeddable":true,"href":"https:\/\/viktoriaszabo.art\/en\/wp-json\/wp\/v2\/media\/4978"}],"wp:attachment":[{"href":"https:\/\/viktoriaszabo.art\/en\/wp-json\/wp\/v2\/media?parent=4986"}],"wp:term":[{"taxonomy":"product_brand","embeddable":true,"href":"https:\/\/viktoriaszabo.art\/en\/wp-json\/wp\/v2\/product_brand?post=4986"},{"taxonomy":"product_cat","embeddable":true,"href":"https:\/\/viktoriaszabo.art\/en\/wp-json\/wp\/v2\/product_cat?post=4986"},{"taxonomy":"product_tag","embeddable":true,"href":"https:\/\/viktoriaszabo.art\/en\/wp-json\/wp\/v2\/product_tag?post=4986"}],"curies":[{"name":"wp","href":"https:\/\/api.w.org\/{rel}","templated":true}]}}