{"id":4920,"date":"2025-10-13T16:38:04","date_gmt":"2025-10-13T14:38:04","guid":{"rendered":"https:\/\/viktoriaszabo.art\/?post_type=product&#038;p=4920"},"modified":"2026-04-02T10:27:50","modified_gmt":"2026-04-02T08:27:50","slug":"florero-raku-con-reflejos-dorados-pieza-exclusiva-y-unica-hecha-a-mano","status":"publish","type":"product","link":"https:\/\/viktoriaszabo.art\/en\/product\/raku-vase-with-golden-reflections-exclusive-and-unique-handmade-piece\/","title":{"rendered":"Raku vase with golden reflections - exclusive and unique handmade piece"},"content":{"rendered":"<p>Handmade ceramic vase, hand-modelled with Sio-2 chamotte white clay.<br \/>\nThe base is enamelled with green copper, while the upper part was decorated with golden enamel applied with a fine applicator. After the raku firing and reduction process, the surface reveals unique iridescent reflections.<\/p>\n<p>During reduction, the smoke interacted with the glazes, creating deep, warm hues that vary according to the light, while the unglazed areas acquired a dark grey matte tone, characteristic of raku.<br \/>\nThe result is a piece that evokes forms from nature - fruits, seeds or ancient structures - combining tradition and contemporary expressiveness.<\/p>\n<p>Enamelled on the outside only, this vase is intended as a decorative piece or for dried flowers, ideal for spaces with a natural and artistic soul.<\/p>","protected":false},"excerpt":{"rendered":"<p>Florero artesanal de cer\u00e1mica, modelada a mano con arcilla blanca chamotada Sio-2. La base est\u00e1 esmaltada con cobre verde, mientras que la parte superior fue decorada con esmalte dorado aplicado con un fino aplicador. Tras la cocci\u00f3n raku y el proceso de reducci\u00f3n, la superficie revela reflejos iridiscentes \u00fanicos. Durante la reducci\u00f3n, el humo interactu\u00f3 [&hellip;]<\/p>\n","protected":false},"featured_media":4968,"template":"","meta":{"_seopress_robots_primary_cat":"none","_seopress_titles_title":"","_seopress_titles_desc":"","_seopress_robots_index":"","site-sidebar-layout":"default","site-content-layout":"","ast-site-content-layout":"default","site-content-style":"default","site-sidebar-style":"default","ast-global-header-display":"","ast-banner-title-visibility":"","ast-main-header-display":"","ast-hfb-above-header-display":"","ast-hfb-below-header-display":"","ast-hfb-mobile-header-display":"","site-post-title":"","ast-breadcrumbs-content":"","ast-featured-img":"","footer-sml-layout":"","ast-disable-related-posts":"","theme-transparent-header-meta":"default","adv-header-id-meta":"","stick-header-meta":"","header-above-stick-meta":"","header-main-stick-meta":"","header-below-stick-meta":"","astra-migrate-meta-layouts":"set","ast-page-background-enabled":"default","ast-page-background-meta":{"desktop":{"background-color":"","background-image":"","background-repeat":"repeat","background-position":"center center","background-size":"auto","background-attachment":"scroll","background-type":"","background-media":"","overlay-type":"","overlay-color":"","overlay-opacity":"","overlay-gradient":""},"tablet":{"background-color":"","background-image":"","background-repeat":"repeat","background-position":"center center","background-size":"auto","background-attachment":"scroll","background-type":"","background-media":"","overlay-type":"","overlay-color":"","overlay-opacity":"","overlay-gradient":""},"mobile":{"background-color":"","background-image":"","background-repeat":"repeat","background-position":"center center","background-size":"auto","background-attachment":"scroll","background-type":"","background-media":"","overlay-type":"","overlay-color":"","overlay-opacity":"","overlay-gradient":""}},"ast-content-background-meta":{"desktop":{"background-color":"var(--ast-global-color-5)","background-image":"","background-repeat":"repeat","background-position":"center center","background-size":"auto","background-attachment":"scroll","background-type":"","background-media":"","overlay-type":"","overlay-color":"","overlay-opacity":"","overlay-gradient":""},"tablet":{"background-color":"var(--ast-global-color-5)","background-image":"","background-repeat":"repeat","background-position":"center center","background-size":"auto","background-attachment":"scroll","background-type":"","background-media":"","overlay-type":"","overlay-color":"","overlay-opacity":"","overlay-gradient":""},"mobile":{"background-color":"var(--ast-global-color-5)","background-image":"","background-repeat":"repeat","background-position":"center center","background-size":"auto","background-attachment":"scroll","background-type":"","background-media":"","overlay-type":"","overlay-color":"","overlay-opacity":"","overlay-gradient":""}}},"product_brand":[],"product_cat":[37],"product_tag":[],"class_list":{"0":"post-4920","1":"product","2":"type-product","3":"status-publish","4":"has-post-thumbnail","6":"product_cat-ceramicas","7":"desktop-align-left","8":"tablet-align-left","9":"mobile-align-left","10":"ast-product-gallery-layout-horizontal-slider","11":"ast-product-tabs-layout-horizontal","13":"first","14":"instock","15":"sold-individually","16":"taxable","17":"shipping-taxable","18":"purchasable","19":"product-type-simple"},"_links":{"self":[{"href":"https:\/\/viktoriaszabo.art\/en\/wp-json\/wp\/v2\/product\/4920","targetHints":{"allow":["GET"]}}],"collection":[{"href":"https:\/\/viktoriaszabo.art\/en\/wp-json\/wp\/v2\/product"}],"about":[{"href":"https:\/\/viktoriaszabo.art\/en\/wp-json\/wp\/v2\/types\/product"}],"version-history":[{"count":3,"href":"https:\/\/viktoriaszabo.art\/en\/wp-json\/wp\/v2\/product\/4920\/revisions"}],"predecessor-version":[{"id":4971,"href":"https:\/\/viktoriaszabo.art\/en\/wp-json\/wp\/v2\/product\/4920\/revisions\/4971"}],"wp:featuredmedia":[{"embeddable":true,"href":"https:\/\/viktoriaszabo.art\/en\/wp-json\/wp\/v2\/media\/4968"}],"wp:attachment":[{"href":"https:\/\/viktoriaszabo.art\/en\/wp-json\/wp\/v2\/media?parent=4920"}],"wp:term":[{"taxonomy":"product_brand","embeddable":true,"href":"https:\/\/viktoriaszabo.art\/en\/wp-json\/wp\/v2\/product_brand?post=4920"},{"taxonomy":"product_cat","embeddable":true,"href":"https:\/\/viktoriaszabo.art\/en\/wp-json\/wp\/v2\/product_cat?post=4920"},{"taxonomy":"product_tag","embeddable":true,"href":"https:\/\/viktoriaszabo.art\/en\/wp-json\/wp\/v2\/product_tag?post=4920"}],"curies":[{"name":"wp","href":"https:\/\/api.w.org\/{rel}","templated":true}]}}